{"id":281,"date":"2018-01-22T10:39:34","date_gmt":"2018-01-22T09:39:34","guid":{"rendered":"http:\/\/succulents.select-themes.com\/?page_id=281"},"modified":"2026-01-03T18:19:36","modified_gmt":"2026-01-03T17:19:36","slug":"stages","status":"publish","type":"page","link":"https:\/\/yoga-niort.com\/index.php\/stages\/","title":{"rendered":"Stages &#038; Ateliers"},"content":{"rendered":"<p>[vc_row row_content_width=&#8221;grid&#8221; parallax_background_image=&#8221;5044&#8243; parallax_bg_height=&#8221;400px&#8221;][vc_column]<div class=\"qodef-elements-holder  qodef-eh-full-height qodef-one-column  qodef-responsive-mode-768 \" ><div class=\"qodef-eh-item    \"  data-item-class=\"qodef-eh-custom-7799\" data-768-1024=\"110px 39% 154px 0px\" data-680-768=\"107px 0% 154px 0px\" data-680=\"78px 0% 113px 0px\">\n\t<div class=\"qodef-eh-item-inner\">\n\t\t<div class=\"qodef-eh-item-content qodef-eh-custom-7799\" style=\"padding: 140px 43% 158px 24px\">\n\t\t\t<h2 class=\"qodef-custom-font-holder  qodef-cf-9513  \" style=\"font-family: Quicksand (OTT);font-size: 72px;line-height: 72px;font-weight: 700;color: #ffffff\" data-item-class=\"qodef-cf-9513\">\n\tStages &amp; Ateliers<\/h2>\n<span class=\"qodef-custom-font-subtitle\" style=\"font-size: 20px;line-height: 27px;color: #ffffff\"><\/span>\t\t<\/div>\n\t<\/div>\n<\/div><\/div>[\/vc_column][\/vc_row][vc_row][vc_column][vc_empty_space][\/vc_column][\/vc_row][vc_row row_content_width=&#8221;grid&#8221; css=&#8221;.vc_custom_1519314929766{padding-top: 93px !important;padding-bottom: 81px !important;}&#8221;][vc_column width=&#8221;5\/6&#8243; offset=&#8221;vc_col-lg-offset-0 vc_col-lg-4 vc_col-md-offset-2 vc_col-md-8 vc_col-sm-offset-1 vc_col-xs-12&#8243;]<div class=\"qodef-iwt clearfix  qodef-iwt-icon-top qodef-iwt-icon-medium\">\n\t<div class=\"qodef-iwt-icon\">\n\t\t\t\t\t\t\t\t\t<img width=\"100\" height=\"100\" src=\"https:\/\/yoga-niort.com\/wp-content\/uploads\/2021\/05\/noun_yoga_730428-e1620221796879.png\" class=\"attachment-full size-full\" alt=\"\" loading=\"lazy\" \/>\t\t\t\t\t\t<\/div>\n\t<div class=\"qodef-iwt-content\" >\n\t\t\t\t\t<h3 class=\"qodef-iwt-title\" >\n\t\t\t\t\t\t\t\t<span class=\"qodef-iwt-title-text\">Journ\u00e9e de yoga, approfondissement<\/span>\n\t\t\t\t\t\t\t<\/h3>\n\t\t\t\t            <p class=\"qodef-iwt-text\" style=\"margin-top: 15px\">Approfondissement d\u2019un aspect du yoga avec l\u2019e\u0301tude philosophique et la pratique en lien avec ce the\u0300me. Souvent co-anime\u0301s par Franc\u0327oise et Christian Faure.<\/p>\n        \t<\/div>\n<\/div>[vc_empty_space][\/vc_column][vc_column width=&#8221;5\/6&#8243; offset=&#8221;vc_col-lg-offset-0 vc_col-lg-4 vc_col-md-offset-2 vc_col-md-8 vc_col-sm-offset-1 vc_col-xs-12&#8243;]<div class=\"qodef-iwt clearfix  qodef-iwt-icon-top qodef-iwt-icon-medium\">\n\t<div class=\"qodef-iwt-icon\">\n\t\t\t\t\t\t\t\t\t<img width=\"100\" height=\"100\" src=\"https:\/\/yoga-niort.com\/wp-content\/uploads\/2021\/05\/noun_yoga_730440-e1620221565317.png\" class=\"attachment-full size-full\" alt=\"\" loading=\"lazy\" \/>\t\t\t\t\t\t<\/div>\n\t<div class=\"qodef-iwt-content\" >\n\t\t\t\t\t<h3 class=\"qodef-iwt-title\" >\n\t\t\t\t\t\t\t\t<span class=\"qodef-iwt-title-text\">Weekends de yoga, enseignant invit\u00e9<\/span>\n\t\t\t\t\t\t\t<\/h3>\n\t\t\t\t            <p class=\"qodef-iwt-text\" style=\"margin-top: 15px\">Des weekends de yoga avec l\u2019invitation d\u2019un enseignant de yoga.<\/p>\n        \t<\/div>\n<\/div>[vc_empty_space][\/vc_column][vc_column width=&#8221;5\/6&#8243; offset=&#8221;vc_col-lg-offset-0 vc_col-lg-4 vc_col-md-offset-2 vc_col-md-8 vc_col-sm-offset-1 vc_col-xs-12&#8243;]<div class=\"qodef-iwt clearfix  qodef-iwt-icon-top qodef-iwt-icon-medium\">\n\t<div class=\"qodef-iwt-icon\">\n\t\t\t\t\t\t\t\t\t<img width=\"100\" height=\"100\" src=\"https:\/\/yoga-niort.com\/wp-content\/uploads\/2021\/05\/noun_vegetables_918550-e1620221592631.png\" class=\"attachment-full size-full\" alt=\"\" loading=\"lazy\" \/>\t\t\t\t\t\t<\/div>\n\t<div class=\"qodef-iwt-content\" >\n\t\t\t\t\t<h3 class=\"qodef-iwt-title\" >\n\t\t\t\t\t\t\t\t<span class=\"qodef-iwt-title-text\">Ateliers divers &amp; Rencontres<\/span>\n\t\t\t\t\t\t\t<\/h3>\n\t\t\t\t            <p class=\"qodef-iwt-text\" style=\"margin-top: 15px\">Phytoth\u00e9rapie - Gestion du stress - Alimentation - Ayurv\u00e9da - Confe\u0301rences en lien avec la connaissance de soi.<\/p>\n        \t<\/div>\n<\/div>[vc_empty_space][\/vc_column][\/vc_row][vc_row][vc_column]<div class=\"qodef-section-title-holder  qodef-st-standard qodef-st-title-left qodef-st-normal-space \" style=\"text-align: center\">\n\t<div class=\"qodef-st-inner\">\n        \t\t\t\t\t<h2 class=\"qodef-st-title\" >\n\t\t\t\tNouveaux cours\t\t\t<\/h2>\n\t\t\t\t\t<\/div>\n<\/div>[vc_empty_space height=&#8221;62px&#8221;][\/vc_column][\/vc_row][vc_row][vc_column width=&#8221;1\/4&#8243;][\/vc_column][vc_column width=&#8221;1\/2&#8243;]<div class=\"qodef-single-image-holder   \">\n    <div class=\"qodef-si-inner\" >\n                                    <img width=\"1195\" height=\"602\" src=\"https:\/\/yoga-niort.com\/wp-content\/uploads\/2026\/01\/041575afa86a9e79892fb2726e250152.jpg\" class=\"attachment-full size-full\" alt=\"\" loading=\"lazy\" srcset=\"https:\/\/yoga-niort.com\/wp-content\/uploads\/2026\/01\/041575afa86a9e79892fb2726e250152.jpg 1195w, https:\/\/yoga-niort.com\/wp-content\/uploads\/2026\/01\/041575afa86a9e79892fb2726e250152-300x151.jpg 300w, https:\/\/yoga-niort.com\/wp-content\/uploads\/2026\/01\/041575afa86a9e79892fb2726e250152-1024x516.jpg 1024w, https:\/\/yoga-niort.com\/wp-content\/uploads\/2026\/01\/041575afa86a9e79892fb2726e250152-768x387.jpg 768w, https:\/\/yoga-niort.com\/wp-content\/uploads\/2026\/01\/041575afa86a9e79892fb2726e250152-600x302.jpg 600w\" sizes=\"(max-width: 1195px) 100vw, 1195px\" \/>                        <\/div>\n<\/div>[vc_empty_space]<div class=\"qodef-section-title-holder  qodef-st-standard qodef-st-title-left qodef-st-normal-space \" >\n\t<div class=\"qodef-st-inner\">\n        \t\t\t\t\t<h3 class=\"qodef-st-title\" >\n\t\t\t\tCours de Yoga adapt\u00e9 sur chaise\t\t\t<\/h3>\n\t\t\t\t\t<\/div>\n<\/div>[vc_column_text]<\/p>\n<div class=\"page\" title=\"Page 4\">\n<div class=\"layoutArea\">\n<div class=\"column\">\n<p><strong>Les lundis de 11h \u00e0 12h &#8211; \u00e0 partir du lundi 12 janvier.<\/strong><\/p>\n<p>Ouvert aux personnes qui ont des difficult\u00e9s physiques ou qui n\u2019osent pas encore se mettre sur le tapis !<br \/>\nPratique douce et accessible, ax\u00e9e sur la conscience du corps, des mouvements simples et des exercices de respiration.<\/p>\n<p>\u2014 10 personnes maximum.<br \/>\n\u2014 143\u20ac (22 s\u00e9ances de janvier \u00e0 juin 2026) + 12\u20ac d\u2019adh\u00e9sion<\/p>\n<p><strong>Anim\u00e9 par C\u00e9line<\/strong><\/p>\n<\/div>\n<\/div>\n<\/div>\n<p>[\/vc_column_text][\/vc_column][vc_column width=&#8221;1\/4&#8243;][\/vc_column][\/vc_row][vc_row][vc_column][vc_empty_space][vc_separator border_width=&#8221;2&#8243; el_width=&#8221;50&#8243;][vc_empty_space height=&#8221;62px&#8221;][\/vc_column][\/vc_row][vc_row][vc_column width=&#8221;1\/4&#8243;][\/vc_column][vc_column width=&#8221;1\/2&#8243;]<div class=\"qodef-single-image-holder   \">\n    <div class=\"qodef-si-inner\" >\n                                    <img width=\"730\" height=\"280\" src=\"https:\/\/yoga-niort.com\/wp-content\/uploads\/2026\/01\/905ae7fd86f2b9487d0fd77214c228fd.jpg\" class=\"attachment-full size-full\" alt=\"\" loading=\"lazy\" srcset=\"https:\/\/yoga-niort.com\/wp-content\/uploads\/2026\/01\/905ae7fd86f2b9487d0fd77214c228fd.jpg 730w, https:\/\/yoga-niort.com\/wp-content\/uploads\/2026\/01\/905ae7fd86f2b9487d0fd77214c228fd-300x115.jpg 300w, https:\/\/yoga-niort.com\/wp-content\/uploads\/2026\/01\/905ae7fd86f2b9487d0fd77214c228fd-600x230.jpg 600w\" sizes=\"(max-width: 730px) 100vw, 730px\" \/>                        <\/div>\n<\/div>[vc_empty_space]<div class=\"qodef-section-title-holder  qodef-st-standard qodef-st-title-left qodef-st-normal-space \" >\n\t<div class=\"qodef-st-inner\">\n        \t\t\t\t\t<h3 class=\"qodef-st-title\" >\n\t\t\t\tCours de Yoga pour les 14-20 ans\t\t\t<\/h3>\n\t\t\t\t\t<\/div>\n<\/div>[vc_column_text]<strong>8 mercredis de 18h \u00e0 19h entre janvier et juin 2026<\/strong><\/p>\n<p>1h pour te poser, te d\u00e9tendre, faire des postures et des encha\u00eenements, \u00eatre \u00e0 l\u2019\u00e9coute de ton ressenti, sans jugement et sans enjeu de r\u00e9ussite !<\/p>\n<p>\u2014 7 janvier \u2013 21 janvier \u2013 4 f\u00e9vrier \u2013 4 mars \u2013 1 avril \u2013 29 avril \u2013 27 mai \u2013 24 juin<\/p>\n<p>\u2014 10\u20ac la s\u00e9ance ou 64\u20ac les 8 s\u00e9ances + 12\u20ac d\u2019adh\u00e9sion<\/p>\n<p><strong>Anim\u00e9 par C\u00e9line<\/strong>[\/vc_column_text][\/vc_column][vc_column width=&#8221;1\/4&#8243;][\/vc_column][\/vc_row][vc_row][vc_column][vc_empty_space][vc_separator border_width=&#8221;2&#8243; el_width=&#8221;50&#8243;][vc_empty_space height=&#8221;62px&#8221;][\/vc_column][\/vc_row]<\/p>\n","protected":false},"excerpt":{"rendered":"<p>[vc_row row_content_width=&#8221;grid&#8221; parallax_background_image=&#8221;5044&#8243; parallax_bg_height=&#8221;400px&#8221;][vc_column][\/vc_column][\/vc_row][vc_row][vc_column][vc_empty_space][\/vc_column][\/vc_row][vc_row row_content_width=&#8221;grid&#8221; css=&#8221;.vc_custom_1519314929766{padding-top: 93px !important;padding-bottom: 81px !important;}&#8221;][vc_column width=&#8221;5\/6&#8243; offset=&#8221;vc_col-lg-offset-0 vc_col-lg-4 vc_col-md-offset-2 vc_col-md-8 vc_col-sm-offset-1 vc_col-xs-12&#8243;][vc_empty_space][\/vc_column][vc_column width=&#8221;5\/6&#8243; offset=&#8221;vc_col-lg-offset-0 vc_col-lg-4 vc_col-md-offset-2 vc_col-md-8 vc_col-sm-offset-1 vc_col-xs-12&#8243;][vc_empty_space][\/vc_column][vc_column width=&#8221;5\/6&#8243; offset=&#8221;vc_col-lg-offset-0 vc_col-lg-4 vc_col-md-offset-2 vc_col-md-8 vc_col-sm-offset-1 vc_col-xs-12&#8243;][vc_empty_space][\/vc_column][\/vc_row][vc_row][vc_column][vc_empty_space height=&#8221;62px&#8221;][\/vc_column][\/vc_row][vc_row][vc_column width=&#8221;1\/4&#8243;][\/vc_column][vc_column width=&#8221;1\/2&#8243;][vc_empty_space][vc_column_text] Les lundis de 11h \u00e0 12h [&hellip;]<\/p>\n","protected":false},"author":1,"featured_media":0,"parent":0,"menu_order":0,"comment_status":"closed","ping_status":"closed","template":"full-width.php","meta":[],"_links":{"self":[{"href":"https:\/\/yoga-niort.com\/index.php\/wp-json\/wp\/v2\/pages\/281"}],"collection":[{"href":"https:\/\/yoga-niort.com\/index.php\/wp-json\/wp\/v2\/pages"}],"about":[{"href":"https:\/\/yoga-niort.com\/index.php\/wp-json\/wp\/v2\/types\/page"}],"author":[{"embeddable":true,"href":"https:\/\/yoga-niort.com\/index.php\/wp-json\/wp\/v2\/users\/1"}],"replies":[{"embeddable":true,"href":"https:\/\/yoga-niort.com\/index.php\/wp-json\/wp\/v2\/comments?post=281"}],"version-history":[{"count":50,"href":"https:\/\/yoga-niort.com\/index.php\/wp-json\/wp\/v2\/pages\/281\/revisions"}],"predecessor-version":[{"id":5260,"href":"https:\/\/yoga-niort.com\/index.php\/wp-json\/wp\/v2\/pages\/281\/revisions\/5260"}],"wp:attachment":[{"href":"https:\/\/yoga-niort.com\/index.php\/wp-json\/wp\/v2\/media?parent=281"}],"curies":[{"name":"wp","href":"https:\/\/api.w.org\/{rel}","templated":true}]}}