{"id":2037,"date":"2018-02-05T09:40:45","date_gmt":"2018-02-05T08:40:45","guid":{"rendered":"http:\/\/succulents.select-themes.com\/?page_id=2037"},"modified":"2025-08-01T16:27:19","modified_gmt":"2025-08-01T14:27:19","slug":"equipe","status":"publish","type":"page","link":"https:\/\/yoga-niort.com\/index.php\/equipe\/","title":{"rendered":"Les enseignants"},"content":{"rendered":"<p>[vc_row row_content_width=&#8221;grid&#8221; parallax_background_image=&#8221;4890&#8243;][vc_column]<div class=\"qodef-elements-holder  qodef-eh-full-height qodef-one-column  qodef-responsive-mode-768 \" ><div class=\"qodef-eh-item    \"  data-item-class=\"qodef-eh-custom-2817\" data-768-1024=\"110px 28% 149px 0px\" data-680-768=\"100px 12% 149px 0px\" data-680=\"100px 0 144px 0px\">\n\t<div class=\"qodef-eh-item-inner\">\n\t\t<div class=\"qodef-eh-item-content qodef-eh-custom-2817\" style=\"padding: 140px 48% 158px 24px\">\n\t\t\t<h2 class=\"qodef-custom-font-holder  qodef-cf-2834  \" style=\"font-family: Quicksand (OTT);font-size: 72px;line-height: 72px;font-weight: 700;letter-spacing: 2px;color: #ffffff\" data-item-class=\"qodef-cf-2834\">\n\tLes enseignants<\/h2>\n<span class=\"qodef-custom-font-subtitle\" style=\"font-size: 20px;line-height: 27px;font-weight: 300;color: #ffffff\"><\/span>\t\t<\/div>\n\t<\/div>\n<\/div><\/div>[\/vc_column][\/vc_row][vc_row content_text_aligment=&#8221;center&#8221; css=&#8221;.vc_custom_1519212238625{padding-top: 117px !important;padding-bottom: 51px !important;}&#8221;][vc_column]<div class=\"qodef-section-title-holder  qodef-st-standard qodef-st-title-left qodef-st-normal-space \" >\n\t<div class=\"qodef-st-inner\">\n                    <h6 class=\"qodef-st-subtitle\" >\n                Dipl\u00f4m\u00e9s de l'\u00c9cole Nationale de Yoga            <\/h6>\n        \t\t\t\t\t<h1 class=\"qodef-st-title\" >\n\t\t\t\tLes enseignants\t\t\t<\/h1>\n\t\t\t\t\t<\/div>\n<\/div>[\/vc_column][\/vc_row][vc_row row_content_width=&#8221;grid&#8221; css=&#8221;.vc_custom_1517831261781{padding-bottom: 94px !important;}&#8221;][vc_column]<div class=\"qodef-team-list-holder qodef-tl-three-columns qodef-large-space\">\n\t<div class=\"qodef-tl-inner qodef-outer-space \">\n\t\t<div class=\"qodef-team qodef-item-space info-bellow\">\n\t<div class=\"qodef-team-inner\">\n\t\t\t\t\t<div class=\"qodef-team-image\">\n                <a itemprop=\"url\" href=\"https:\/\/yoga-niort.com\/index.php\/team-member\/nate-foller\/\">\n                    <img width=\"2035\" height=\"2035\" src=\"https:\/\/yoga-niort.com\/wp-content\/uploads\/2018\/02\/photo-MB-site.jpg\" class=\"attachment-full size-full wp-post-image\" alt=\"\" loading=\"lazy\" srcset=\"https:\/\/yoga-niort.com\/wp-content\/uploads\/2018\/02\/photo-MB-site.jpg 2035w, https:\/\/yoga-niort.com\/wp-content\/uploads\/2018\/02\/photo-MB-site-300x300.jpg 300w, https:\/\/yoga-niort.com\/wp-content\/uploads\/2018\/02\/photo-MB-site-1024x1024.jpg 1024w, https:\/\/yoga-niort.com\/wp-content\/uploads\/2018\/02\/photo-MB-site-150x150.jpg 150w, https:\/\/yoga-niort.com\/wp-content\/uploads\/2018\/02\/photo-MB-site-768x768.jpg 768w, https:\/\/yoga-niort.com\/wp-content\/uploads\/2018\/02\/photo-MB-site-1536x1536.jpg 1536w, https:\/\/yoga-niort.com\/wp-content\/uploads\/2018\/02\/photo-MB-site-550x550.jpg 550w, https:\/\/yoga-niort.com\/wp-content\/uploads\/2018\/02\/photo-MB-site-1100x1100.jpg 1100w, https:\/\/yoga-niort.com\/wp-content\/uploads\/2018\/02\/photo-MB-site-600x600.jpg 600w, https:\/\/yoga-niort.com\/wp-content\/uploads\/2018\/02\/photo-MB-site-100x100.jpg 100w\" sizes=\"(max-width: 2035px) 100vw, 2035px\" \/>                <\/a>\n\t\t\t<\/div>\n\t\t\t\t<div class=\"qodef-team-info\">\n            <div class=\"qodef-team-title-holder\">\n                <h4 itemprop=\"name\" class=\"qodef-team-name entry-title\">\n                    <a itemprop=\"url\" href=\"https:\/\/yoga-niort.com\/index.php\/team-member\/nate-foller\/\">Marie B\u00e9n\u00e9dicte<\/a>\n                <\/h4>\n\n                                    <h5 class=\"qodef-team-position\">Enseignante de yoga<\/h5>\n                            <\/div>\n\t\t\t\t\t\t\t<div class=\"qodef-team-text\">\n\t\t\t\t\t<div class=\"qodef-team-text-inner\">\n\t\t\t\t\t\t<div class=\"qodef-team-description\">\n\t\t\t\t\t\t\t<p itemprop=\"description\" class=\"qodef-team-excerpt\">Enseignante dipl\u00f4m\u00e9e FNEY. Formation de 840 heures \u00e0 l\u2019\u00c9cole Fran\u00e7aise de yoga de l&#039;Ouest (EFYO).\r\nPratique le yoga depuis 20 ans et enseigne depuis 2022.\r\nParticipante \u00e0 la m\u00e9thode Chamming&#039;s avec Christian Faure sur 6 modules de connaissance de soi.\r\nContinue r\u00e9guli\u00e8rement la pratique et les stages de yoga.<\/p>\n\t\t\t\t\t\t<\/div>\n\t\t\t\t\t<\/div>\n\t\t\t\t<\/div>\n\t\t\t\t\t\t<div class=\"qodef-team-social-holder-between\">\n\t\t\t\t<div class=\"qodef-team-social\">\n\t\t\t\t\t<div class=\"qodef-team-social-inner\">\n\t\t\t\t\t\t<div class=\"qodef-team-social-wrapp\">\n\t\t\t\t\t\t\t\t\t\t\t\t\t<\/div>\n\t\t\t\t\t<\/div>\n\t\t\t\t<\/div>\n\t\t\t<\/div>\n\t\t<\/div>\n\t<\/div>\n<\/div><div class=\"qodef-team qodef-item-space info-bellow\">\n\t<div class=\"qodef-team-inner\">\n\t\t\t\t\t<div class=\"qodef-team-image\">\n                <a itemprop=\"url\" href=\"https:\/\/yoga-niort.com\/index.php\/team-member\/susan-mink\/\">\n                    <img width=\"2560\" height=\"2560\" src=\"https:\/\/yoga-niort.com\/wp-content\/uploads\/2018\/02\/Celine-Carre\u0301-scaled.jpg\" class=\"attachment-full size-full wp-post-image\" alt=\"\" loading=\"lazy\" srcset=\"https:\/\/yoga-niort.com\/wp-content\/uploads\/2018\/02\/Celine-Carre\u0301-scaled.jpg 2560w, https:\/\/yoga-niort.com\/wp-content\/uploads\/2018\/02\/Celine-Carre\u0301-300x300.jpg 300w, https:\/\/yoga-niort.com\/wp-content\/uploads\/2018\/02\/Celine-Carre\u0301-1024x1024.jpg 1024w, https:\/\/yoga-niort.com\/wp-content\/uploads\/2018\/02\/Celine-Carre\u0301-150x150.jpg 150w, https:\/\/yoga-niort.com\/wp-content\/uploads\/2018\/02\/Celine-Carre\u0301-768x768.jpg 768w, https:\/\/yoga-niort.com\/wp-content\/uploads\/2018\/02\/Celine-Carre\u0301-1536x1536.jpg 1536w, https:\/\/yoga-niort.com\/wp-content\/uploads\/2018\/02\/Celine-Carre\u0301-550x550.jpg 550w, https:\/\/yoga-niort.com\/wp-content\/uploads\/2018\/02\/Celine-Carre\u0301-1100x1100.jpg 1100w, https:\/\/yoga-niort.com\/wp-content\/uploads\/2018\/02\/Celine-Carre\u0301-600x600.jpg 600w, https:\/\/yoga-niort.com\/wp-content\/uploads\/2018\/02\/Celine-Carre\u0301-100x100.jpg 100w\" sizes=\"(max-width: 2560px) 100vw, 2560px\" \/>                <\/a>\n\t\t\t<\/div>\n\t\t\t\t<div class=\"qodef-team-info\">\n            <div class=\"qodef-team-title-holder\">\n                <h4 itemprop=\"name\" class=\"qodef-team-name entry-title\">\n                    <a itemprop=\"url\" href=\"https:\/\/yoga-niort.com\/index.php\/team-member\/susan-mink\/\">C\u00e9line<\/a>\n                <\/h4>\n\n                                    <h5 class=\"qodef-team-position\">Enseignante de yoga<\/h5>\n                            <\/div>\n\t\t\t\t\t\t\t<div class=\"qodef-team-text\">\n\t\t\t\t\t<div class=\"qodef-team-text-inner\">\n\t\t\t\t\t\t<div class=\"qodef-team-description\">\n\t\t\t\t\t\t\t<p itemprop=\"description\" class=\"qodef-team-excerpt\">Enseignante dipl\u00f4m\u00e9e FNEY. Formation de 840 heures \u00e0 l\u2019\u00c9cole Fran\u00e7aise de yoga de l&#039;Ouest (EFYO).\r\nPratique le yoga depuis plus de 16 ans et enseigne depuis 2020.\r\nCom\u00e9dienne professionnelle, elle propose aussi des stages th\u00e9\u00e2tre et yoga.\r\nElle a fait plusieurs stages de danse contemporaine et continue la pratique du yoga par des stages \u00e0 la FNEY et autres.<\/p>\n\t\t\t\t\t\t<\/div>\n\t\t\t\t\t<\/div>\n\t\t\t\t<\/div>\n\t\t\t\t\t\t<div class=\"qodef-team-social-holder-between\">\n\t\t\t\t<div class=\"qodef-team-social\">\n\t\t\t\t\t<div class=\"qodef-team-social-inner\">\n\t\t\t\t\t\t<div class=\"qodef-team-social-wrapp\">\n\t\t\t\t\t\t\t\t\t\t\t\t\t<\/div>\n\t\t\t\t\t<\/div>\n\t\t\t\t<\/div>\n\t\t\t<\/div>\n\t\t<\/div>\n\t<\/div>\n<\/div><div class=\"qodef-team qodef-item-space info-bellow\">\n\t<div class=\"qodef-team-inner\">\n\t\t\t\t\t<div class=\"qodef-team-image\">\n                <a itemprop=\"url\" href=\"https:\/\/yoga-niort.com\/index.php\/team-member\/maria-yong\/\">\n                    <img width=\"2560\" height=\"2558\" src=\"https:\/\/yoga-niort.com\/wp-content\/uploads\/2018\/01\/Francoise-carre\u0301-scaled.jpg\" class=\"attachment-full size-full wp-post-image\" alt=\"\" loading=\"lazy\" srcset=\"https:\/\/yoga-niort.com\/wp-content\/uploads\/2018\/01\/Francoise-carre\u0301-scaled.jpg 2560w, https:\/\/yoga-niort.com\/wp-content\/uploads\/2018\/01\/Francoise-carre\u0301-300x300.jpg 300w, https:\/\/yoga-niort.com\/wp-content\/uploads\/2018\/01\/Francoise-carre\u0301-1024x1024.jpg 1024w, https:\/\/yoga-niort.com\/wp-content\/uploads\/2018\/01\/Francoise-carre\u0301-150x150.jpg 150w, https:\/\/yoga-niort.com\/wp-content\/uploads\/2018\/01\/Francoise-carre\u0301-768x767.jpg 768w, https:\/\/yoga-niort.com\/wp-content\/uploads\/2018\/01\/Francoise-carre\u0301-1536x1536.jpg 1536w, https:\/\/yoga-niort.com\/wp-content\/uploads\/2018\/01\/Francoise-carre\u0301-550x550.jpg 550w, https:\/\/yoga-niort.com\/wp-content\/uploads\/2018\/01\/Francoise-carre\u0301-1100x1100.jpg 1100w, https:\/\/yoga-niort.com\/wp-content\/uploads\/2018\/01\/Francoise-carre\u0301-600x599.jpg 600w, https:\/\/yoga-niort.com\/wp-content\/uploads\/2018\/01\/Francoise-carre\u0301-100x100.jpg 100w\" sizes=\"(max-width: 2560px) 100vw, 2560px\" \/>                <\/a>\n\t\t\t<\/div>\n\t\t\t\t<div class=\"qodef-team-info\">\n            <div class=\"qodef-team-title-holder\">\n                <h4 itemprop=\"name\" class=\"qodef-team-name entry-title\">\n                    <a itemprop=\"url\" href=\"https:\/\/yoga-niort.com\/index.php\/team-member\/maria-yong\/\">Fran\u00e7oise<\/a>\n                <\/h4>\n\n                                    <h5 class=\"qodef-team-position\">Enseignante de yoga et responsable des stages<\/h5>\n                            <\/div>\n\t\t\t\t\t\t\t<div class=\"qodef-team-text\">\n\t\t\t\t\t<div class=\"qodef-team-text-inner\">\n\t\t\t\t\t\t<div class=\"qodef-team-description\">\n\t\t\t\t\t\t\t<p itemprop=\"description\" class=\"qodef-team-excerpt\">Enseignante de yoga diplo\u0302me\u0301e FNEY, enseigne depuis 30 ans. Post formation aupre\u0300s de Daniel Rougier (sur 4 ans). \r\nFormations continues tous les ans en yoga traditionnel et avec divers professeurs de la FNEY. Participante a\u0300 la me\u0301thode Chamming\u2019s avec Lily Jatiot (connaissance de soi). \r\nVoyages en Inde et au Ladakh pour s\u2019impre\u0301gner de la philosophie du yoga et \u00e0 la pratique de la m\u00e9ditation. Organise des ateliers en journ\u00e9e et des stages de YOGA et connaissance de soi.\r\n\r\n<\/p>\n\t\t\t\t\t\t<\/div>\n\t\t\t\t\t<\/div>\n\t\t\t\t<\/div>\n\t\t\t\t\t\t<div class=\"qodef-team-social-holder-between\">\n\t\t\t\t<div class=\"qodef-team-social\">\n\t\t\t\t\t<div class=\"qodef-team-social-inner\">\n\t\t\t\t\t\t<div class=\"qodef-team-social-wrapp\">\n\t\t\t\t\t\t\t\t\t\t\t\t\t<\/div>\n\t\t\t\t\t<\/div>\n\t\t\t\t<\/div>\n\t\t\t<\/div>\n\t\t<\/div>\n\t<\/div>\n<\/div>\t<\/div>\n<\/div>[\/vc_column][\/vc_row][vc_row][vc_column]<div class=\"qodef-section-title-holder  qodef-st-standard qodef-st-title-left qodef-st-normal-space \" style=\"text-align: center\">\n\t<div class=\"qodef-st-inner\">\n        \t\t\t\t\t<h2 class=\"qodef-st-title\" >\n\t\t\t\tUn bureau, des enseignants et des adh\u00e9rents !\t\t\t<\/h2>\n\t\t\t\t\t<\/div>\n<\/div>[vc_empty_space height=&#8221;15px&#8221;][\/vc_column][\/vc_row][vc_row][vc_column width=&#8221;1\/4&#8243;][\/vc_column][vc_column width=&#8221;1\/2&#8243;][vc_column_text]<\/p>\n<div class=\"page\" title=\"Page 5\">\n<div class=\"layoutArea\">\n<div class=\"column\">\n<p>L\u2019e\u0301quipe est forme\u0301e par les membres du bureau et les enseignants qui par leur enthousiasme donnent l\u2019e\u0301lan a\u0300 cette association. Il n\u2019y a qu\u2019a\u0300 regarder comment s\u2019est de\u0301roule\u0301e la fe\u0302te des 20 ans de l\u2019association, les pots de fin d\u2019anne\u0301e&#8230; une organisation du tonnerre et une joie partage\u0301e avec les be\u0301ne\u0301voles et tous les adhe\u0301rents.<\/p>\n<\/div>\n<\/div>\n<\/div>\n<p>[\/vc_column_text][vc_empty_space height=&#8221;42px&#8221;][\/vc_column][vc_column width=&#8221;1\/4&#8243;][\/vc_column][\/vc_row][vc_row][vc_column width=&#8221;1\/6&#8243;][\/vc_column][vc_column width=&#8221;2\/3&#8243;]<div class=\"qodef-single-image-holder   \">\n    <div class=\"qodef-si-inner\" >\n                                    <img width=\"1500\" height=\"995\" src=\"https:\/\/yoga-niort.com\/wp-content\/uploads\/2021\/05\/Asso-Image-1.jpg\" class=\"attachment-full size-full\" alt=\"\" loading=\"lazy\" srcset=\"https:\/\/yoga-niort.com\/wp-content\/uploads\/2021\/05\/Asso-Image-1.jpg 1500w, https:\/\/yoga-niort.com\/wp-content\/uploads\/2021\/05\/Asso-Image-1-300x199.jpg 300w, https:\/\/yoga-niort.com\/wp-content\/uploads\/2021\/05\/Asso-Image-1-1024x679.jpg 1024w, https:\/\/yoga-niort.com\/wp-content\/uploads\/2021\/05\/Asso-Image-1-768x509.jpg 768w, https:\/\/yoga-niort.com\/wp-content\/uploads\/2021\/05\/Asso-Image-1-600x398.jpg 600w\" sizes=\"(max-width: 1500px) 100vw, 1500px\" \/>                        <\/div>\n<\/div>[vc_column_text]<\/p>\n<div class=\"page\" title=\"Page 2\">\n<div class=\"layoutArea\">\n<div class=\"column\">\n<p style=\"text-align: center;\">Les 20 ans de l\u2019association E\u0301quilibre : juin 2017.<\/p>\n<\/div>\n<\/div>\n<\/div>\n<p>[\/vc_column_text][\/vc_column][vc_column width=&#8221;1\/6&#8243;][\/vc_column][\/vc_row][vc_row][vc_column][vc_empty_space height=&#8221;62px&#8221;][\/vc_column][\/vc_row]<\/p>\n","protected":false},"excerpt":{"rendered":"<p>[vc_row row_content_width=&#8221;grid&#8221; parallax_background_image=&#8221;4890&#8243;][vc_column][\/vc_column][\/vc_row][vc_row content_text_aligment=&#8221;center&#8221; css=&#8221;.vc_custom_1519212238625{padding-top: 117px !important;padding-bottom: 51px !important;}&#8221;][vc_column][\/vc_column][\/vc_row][vc_row row_content_width=&#8221;grid&#8221; css=&#8221;.vc_custom_1517831261781{padding-bottom: 94px !important;}&#8221;][vc_column][\/vc_column][\/vc_row][vc_row][vc_column][vc_empty_space height=&#8221;15px&#8221;][\/vc_column][\/vc_row][vc_row][vc_column width=&#8221;1\/4&#8243;][\/vc_column][vc_column width=&#8221;1\/2&#8243;][vc_column_text] L\u2019e\u0301quipe est forme\u0301e par les membres du bureau et les enseignants qui par leur enthousiasme donnent l\u2019e\u0301lan a\u0300 cette association. Il n\u2019y a qu\u2019a\u0300 [&hellip;]<\/p>\n","protected":false},"author":1,"featured_media":0,"parent":0,"menu_order":0,"comment_status":"closed","ping_status":"closed","template":"full-width.php","meta":[],"_links":{"self":[{"href":"https:\/\/yoga-niort.com\/index.php\/wp-json\/wp\/v2\/pages\/2037"}],"collection":[{"href":"https:\/\/yoga-niort.com\/index.php\/wp-json\/wp\/v2\/pages"}],"about":[{"href":"https:\/\/yoga-niort.com\/index.php\/wp-json\/wp\/v2\/types\/page"}],"author":[{"embeddable":true,"href":"https:\/\/yoga-niort.com\/index.php\/wp-json\/wp\/v2\/users\/1"}],"replies":[{"embeddable":true,"href":"https:\/\/yoga-niort.com\/index.php\/wp-json\/wp\/v2\/comments?post=2037"}],"version-history":[{"count":15,"href":"https:\/\/yoga-niort.com\/index.php\/wp-json\/wp\/v2\/pages\/2037\/revisions"}],"predecessor-version":[{"id":5243,"href":"https:\/\/yoga-niort.com\/index.php\/wp-json\/wp\/v2\/pages\/2037\/revisions\/5243"}],"wp:attachment":[{"href":"https:\/\/yoga-niort.com\/index.php\/wp-json\/wp\/v2\/media?parent=2037"}],"curies":[{"name":"wp","href":"https:\/\/api.w.org\/{rel}","templated":true}]}}